{"id":10,"date":"2024-01-15T16:07:58","date_gmt":"2024-01-15T15:07:58","guid":{"rendered":"https:\/\/3m4e.com\/?page_id=10"},"modified":"2024-03-19T00:13:26","modified_gmt":"2024-03-18T23:13:26","slug":"serwis","status":"publish","type":"page","link":"https:\/\/3m4e.com\/en\/serwis\/","title":{"rendered":"maintenance"},"content":{"rendered":"<div data-elementor-type=\"wp-page\" data-elementor-id=\"10\" class=\"elementor elementor-10\" data-elementor-post-type=\"page\">\n\t\t\t\t<div class=\"elementor-element elementor-element-17d45936 e-flex e-con-boxed e-con e-parent\" data-id=\"17d45936\" data-element_type=\"container\" data-settings=\"{&quot;background_background&quot;:&quot;classic&quot;}\">\n\t\t\t\t\t<div class=\"e-con-inner\">\n\t\t<div class=\"elementor-element elementor-element-536ee17d e-con-full e-flex e-con e-child\" data-id=\"536ee17d\" data-element_type=\"container\">\n\t\t\t\t<div class=\"elementor-element elementor-element-5eacec79 animated-slow elementor-invisible elementor-widget elementor-widget-heading\" data-id=\"5eacec79\" data-element_type=\"widget\" data-settings=\"{&quot;_animation&quot;:&quot;slideInUp&quot;}\" data-widget_type=\"heading.default\">\n\t\t\t\t<div class=\"elementor-widget-container\">\n\t\t\t\t\t<h2 class=\"elementor-heading-title elementor-size-default\">We offer a wide range of cooperation<\/h2>\t\t\t\t<\/div>\n\t\t\t\t<\/div>\n\t\t\t\t<div class=\"elementor-element elementor-element-662a0e68 animated-slow elementor-invisible elementor-widget elementor-widget-heading\" data-id=\"662a0e68\" data-element_type=\"widget\" data-settings=\"{&quot;_animation&quot;:&quot;slideInUp&quot;}\" data-widget_type=\"heading.default\">\n\t\t\t\t<div class=\"elementor-widget-container\">\n\t\t\t\t\t<h2 class=\"elementor-heading-title elementor-size-default\">maintenance<\/h2>\t\t\t\t<\/div>\n\t\t\t\t<\/div>\n\t\t\t\t<\/div>\n\t\t<div class=\"elementor-element elementor-element-8046d5b e-flex e-con-boxed e-con e-child\" data-id=\"8046d5b\" data-element_type=\"container\">\n\t\t\t\t\t<div class=\"e-con-inner\">\n\t\t<div class=\"elementor-element elementor-element-30b1d2ff animated-slow e-con-full e-flex elementor-invisible e-con e-child\" data-id=\"30b1d2ff\" data-element_type=\"container\" data-settings=\"{&quot;animation&quot;:&quot;fadeInUp&quot;,&quot;animation_delay&quot;:150}\">\n\t\t<div class=\"elementor-element elementor-element-3bf00c2 e-con-full e-flex e-con e-child\" data-id=\"3bf00c2\" data-element_type=\"container\">\n\t\t\t\t<div class=\"elementor-element elementor-element-4c1c4a54 elementor-widget elementor-widget-image\" data-id=\"4c1c4a54\" data-element_type=\"widget\" data-widget_type=\"image.default\">\n\t\t\t\t<div class=\"elementor-widget-container\">\n\t\t\t\t\t\t\t\t\t\t\t\t\t\t\t<img fetchpriority=\"high\" decoding=\"async\" width=\"800\" height=\"600\" src=\"https:\/\/3m4e.com\/wp-content\/uploads\/2024\/03\/IMG_2410-1024x768.jpg\" class=\"attachment-large size-large wp-image-457\" alt=\"\" srcset=\"https:\/\/3m4e.com\/wp-content\/uploads\/2024\/03\/IMG_2410-1024x768.jpg 1024w, https:\/\/3m4e.com\/wp-content\/uploads\/2024\/03\/IMG_2410-300x225.jpg 300w, https:\/\/3m4e.com\/wp-content\/uploads\/2024\/03\/IMG_2410-768x576.jpg 768w, https:\/\/3m4e.com\/wp-content\/uploads\/2024\/03\/IMG_2410-1536x1152.jpg 1536w, https:\/\/3m4e.com\/wp-content\/uploads\/2024\/03\/IMG_2410-2048x1536.jpg 2048w, https:\/\/3m4e.com\/wp-content\/uploads\/2024\/03\/IMG_2410-16x12.jpg 16w\" sizes=\"(max-width: 800px) 100vw, 800px\" \/>\t\t\t\t\t\t\t\t\t\t\t\t\t\t\t<\/div>\n\t\t\t\t<\/div>\n\t\t\t\t<div class=\"elementor-element elementor-element-6a2e9b4d elementor-widget__width-initial animated-slow elementor-invisible elementor-widget elementor-widget-spacer\" data-id=\"6a2e9b4d\" data-element_type=\"widget\" data-settings=\"{&quot;_animation&quot;:&quot;rotateInDownLeft&quot;}\" data-widget_type=\"spacer.default\">\n\t\t\t\t<div class=\"elementor-widget-container\">\n\t\t\t\t\t\t\t<div class=\"elementor-spacer\">\n\t\t\t<div class=\"elementor-spacer-inner\"><\/div>\n\t\t<\/div>\n\t\t\t\t\t\t<\/div>\n\t\t\t\t<\/div>\n\t\t\t\t<div class=\"elementor-element elementor-element-2672c76a elementor-cta--layout-image-left elementor-cta--skin-classic elementor-animated-content elementor-bg-transform elementor-bg-transform-zoom-in elementor-widget elementor-widget-call-to-action\" data-id=\"2672c76a\" data-element_type=\"widget\" data-widget_type=\"call-to-action.default\">\n\t\t\t\t<div class=\"elementor-widget-container\">\n\t\t\t\t\t\t\t<div class=\"elementor-cta\">\n\t\t\t\t\t\t\t<div class=\"elementor-cta__content\">\n\t\t\t\t\n\t\t\t\t\t\t\t\t\t<h2 class=\"elementor-cta__title elementor-cta__content-item elementor-content-item\">\n\t\t\t\t\t\tDevice inspections\t\t\t\t\t<\/h2>\n\t\t\t\t\n\t\t\t\t\t\t\t\t\t<div class=\"elementor-cta__description elementor-cta__content-item elementor-content-item\">\n\t\t\t\t\t\tPerforming equipment inspection is the basis for keeping a facility or vehicle in constant readiness for operation. \n\t\t\t\t\t<\/div>\n\t\t\t\t\n\t\t\t\t\t\t\t\t\t<div class=\"elementor-cta__button-wrapper elementor-cta__content-item elementor-content-item\">\n\t\t\t\t\t<a class=\"elementor-cta__button elementor-button elementor-size-\" href=\"https:\/\/3m4e.com\/en\/przeglady-urzadzen\/\">\n\t\t\t\t\t\tread more\t\t\t\t\t<\/a>\n\t\t\t\t\t<\/div>\n\t\t\t\t\t\t\t<\/div>\n\t\t\t\t\t\t<\/div>\n\t\t\t\t\t\t<\/div>\n\t\t\t\t<\/div>\n\t\t\t\t<\/div>\n\t\t\t\t<\/div>\n\t\t<div class=\"elementor-element elementor-element-0f3117a animated-slow e-con-full e-flex elementor-invisible e-con e-child\" data-id=\"0f3117a\" data-element_type=\"container\" data-settings=\"{&quot;animation&quot;:&quot;fadeInUp&quot;,&quot;animation_delay&quot;:150}\">\n\t\t<div class=\"elementor-element elementor-element-9a60d0a e-con-full e-flex e-con e-child\" data-id=\"9a60d0a\" data-element_type=\"container\">\n\t\t\t\t<div class=\"elementor-element elementor-element-112e6b0 elementor-widget-tablet__width-initial elementor-widget elementor-widget-image\" data-id=\"112e6b0\" data-element_type=\"widget\" data-widget_type=\"image.default\">\n\t\t\t\t<div class=\"elementor-widget-container\">\n\t\t\t\t\t\t\t\t\t\t\t\t\t\t\t<img decoding=\"async\" width=\"768\" height=\"1024\" src=\"https:\/\/3m4e.com\/wp-content\/uploads\/2024\/03\/IMG_0235-768x1024.jpg\" class=\"attachment-large size-large wp-image-456\" alt=\"\" srcset=\"https:\/\/3m4e.com\/wp-content\/uploads\/2024\/03\/IMG_0235-768x1024.jpg 768w, https:\/\/3m4e.com\/wp-content\/uploads\/2024\/03\/IMG_0235-225x300.jpg 225w, https:\/\/3m4e.com\/wp-content\/uploads\/2024\/03\/IMG_0235-1152x1536.jpg 1152w, https:\/\/3m4e.com\/wp-content\/uploads\/2024\/03\/IMG_0235-1536x2048.jpg 1536w, https:\/\/3m4e.com\/wp-content\/uploads\/2024\/03\/IMG_0235-9x12.jpg 9w, https:\/\/3m4e.com\/wp-content\/uploads\/2024\/03\/IMG_0235-scaled.jpg 1920w\" sizes=\"(max-width: 768px) 100vw, 768px\" \/>\t\t\t\t\t\t\t\t\t\t\t\t\t\t\t<\/div>\n\t\t\t\t<\/div>\n\t\t\t\t<div class=\"elementor-element elementor-element-787c49e elementor-widget__width-initial animated-slow elementor-widget-tablet__width-initial elementor-invisible elementor-widget elementor-widget-spacer\" data-id=\"787c49e\" data-element_type=\"widget\" data-settings=\"{&quot;_animation&quot;:&quot;rotateInDownLeft&quot;}\" data-widget_type=\"spacer.default\">\n\t\t\t\t<div class=\"elementor-widget-container\">\n\t\t\t\t\t\t\t<div class=\"elementor-spacer\">\n\t\t\t<div class=\"elementor-spacer-inner\"><\/div>\n\t\t<\/div>\n\t\t\t\t\t\t<\/div>\n\t\t\t\t<\/div>\n\t\t\t\t<div class=\"elementor-element elementor-element-5bfa986 elementor-cta--layout-image-left elementor-cta--skin-classic elementor-animated-content elementor-bg-transform elementor-bg-transform-zoom-in elementor-widget elementor-widget-call-to-action\" data-id=\"5bfa986\" data-element_type=\"widget\" data-widget_type=\"call-to-action.default\">\n\t\t\t\t<div class=\"elementor-widget-container\">\n\t\t\t\t\t\t\t<div class=\"elementor-cta\">\n\t\t\t\t\t\t\t<div class=\"elementor-cta__content\">\n\t\t\t\t\n\t\t\t\t\t\t\t\t\t<h2 class=\"elementor-cta__title elementor-cta__content-item elementor-content-item\">\n\t\t\t\t\t\tSystem modifications\t\t\t\t\t<\/h2>\n\t\t\t\t\n\t\t\t\t\t\t\t\t\t<div class=\"elementor-cta__description elementor-cta__content-item elementor-content-item\">\n\t\t\t\t\t\tFacilities or vehicles, after years of operation, often require modifications or modernization of various subsystems. We will develop the scope of modifications and present a comprehensive offer.\t\t\t\t\t<\/div>\n\t\t\t\t\n\t\t\t\t\t\t\t\t\t<div class=\"elementor-cta__button-wrapper elementor-cta__content-item elementor-content-item\">\n\t\t\t\t\t<a class=\"elementor-cta__button elementor-button elementor-size-\" href=\"https:\/\/3m4e.com\/en\/modyfikacje-systemow\/\">\n\t\t\t\t\t\tread more\t\t\t\t\t<\/a>\n\t\t\t\t\t<\/div>\n\t\t\t\t\t\t\t<\/div>\n\t\t\t\t\t\t<\/div>\n\t\t\t\t\t\t<\/div>\n\t\t\t\t<\/div>\n\t\t\t\t<\/div>\n\t\t\t\t<\/div>\n\t\t<div class=\"elementor-element elementor-element-2d4a63a animated-slow e-con-full e-flex elementor-invisible e-con e-child\" data-id=\"2d4a63a\" data-element_type=\"container\" data-settings=\"{&quot;animation&quot;:&quot;fadeInUp&quot;,&quot;animation_delay&quot;:150}\">\n\t\t<div class=\"elementor-element elementor-element-307f64a e-con-full e-flex e-con e-child\" data-id=\"307f64a\" data-element_type=\"container\">\n\t\t\t\t<div class=\"elementor-element elementor-element-ceca15a elementor-widget-tablet__width-initial elementor-widget elementor-widget-image\" data-id=\"ceca15a\" data-element_type=\"widget\" data-widget_type=\"image.default\">\n\t\t\t\t<div class=\"elementor-widget-container\">\n\t\t\t\t\t\t\t\t\t\t\t\t\t\t\t<img decoding=\"async\" width=\"800\" height=\"562\" src=\"https:\/\/3m4e.com\/wp-content\/uploads\/2024\/03\/kadr-butla-cps-1024x719.jpg\" class=\"attachment-large size-large wp-image-498\" alt=\"\" srcset=\"https:\/\/3m4e.com\/wp-content\/uploads\/2024\/03\/kadr-butla-cps-1024x719.jpg 1024w, https:\/\/3m4e.com\/wp-content\/uploads\/2024\/03\/kadr-butla-cps-300x211.jpg 300w, https:\/\/3m4e.com\/wp-content\/uploads\/2024\/03\/kadr-butla-cps-768x539.jpg 768w, https:\/\/3m4e.com\/wp-content\/uploads\/2024\/03\/kadr-butla-cps-1536x1078.jpg 1536w, https:\/\/3m4e.com\/wp-content\/uploads\/2024\/03\/kadr-butla-cps-2048x1438.jpg 2048w, https:\/\/3m4e.com\/wp-content\/uploads\/2024\/03\/kadr-butla-cps-18x12.jpg 18w\" sizes=\"(max-width: 800px) 100vw, 800px\" \/>\t\t\t\t\t\t\t\t\t\t\t\t\t\t\t<\/div>\n\t\t\t\t<\/div>\n\t\t\t\t<div class=\"elementor-element elementor-element-20578e4 elementor-widget__width-initial animated-slow elementor-widget-tablet__width-initial elementor-invisible elementor-widget elementor-widget-spacer\" data-id=\"20578e4\" data-element_type=\"widget\" data-settings=\"{&quot;_animation&quot;:&quot;rotateInDownLeft&quot;}\" data-widget_type=\"spacer.default\">\n\t\t\t\t<div class=\"elementor-widget-container\">\n\t\t\t\t\t\t\t<div class=\"elementor-spacer\">\n\t\t\t<div class=\"elementor-spacer-inner\"><\/div>\n\t\t<\/div>\n\t\t\t\t\t\t<\/div>\n\t\t\t\t<\/div>\n\t\t\t\t<div class=\"elementor-element elementor-element-fd3508e elementor-cta--layout-image-left elementor-cta--skin-classic elementor-animated-content elementor-bg-transform elementor-bg-transform-zoom-in elementor-widget elementor-widget-call-to-action\" data-id=\"fd3508e\" data-element_type=\"widget\" data-widget_type=\"call-to-action.default\">\n\t\t\t\t<div class=\"elementor-widget-container\">\n\t\t\t\t\t\t\t<div class=\"elementor-cta\">\n\t\t\t\t\t\t\t<div class=\"elementor-cta__content\">\n\t\t\t\t\n\t\t\t\t\t\t\t\t\t<h2 class=\"elementor-cta__title elementor-cta__content-item elementor-content-item\">\n\t\t\t\t\t\tTechnical support\t\t\t\t\t<\/h2>\n\t\t\t\t\n\t\t\t\t\t\t\t\t\t<div class=\"elementor-cta__description elementor-cta__content-item elementor-content-item\">\n\t\t\t\t\t\tBy using our technical support, you will receive technical and intellectual support at all stages of the project.\t\t\t\t\t<\/div>\n\t\t\t\t\n\t\t\t\t\t\t\t\t\t<div class=\"elementor-cta__button-wrapper elementor-cta__content-item elementor-content-item\">\n\t\t\t\t\t<a class=\"elementor-cta__button elementor-button elementor-size-\" href=\"https:\/\/3m4e.com\/en\/opieka-techniczna\/\">\n\t\t\t\t\t\tread more\t\t\t\t\t<\/a>\n\t\t\t\t\t<\/div>\n\t\t\t\t\t\t\t<\/div>\n\t\t\t\t\t\t<\/div>\n\t\t\t\t\t\t<\/div>\n\t\t\t\t<\/div>\n\t\t\t\t<\/div>\n\t\t\t\t<\/div>\n\t\t\t\t\t<\/div>\n\t\t\t\t<\/div>\n\t\t\t\t\t<\/div>\n\t\t\t\t<\/div>\n\t\t\t\t<\/div>","protected":false},"excerpt":{"rendered":"<p>Oferujemy szeroki zakres wsp\u00f3\u0142pracy SERWIS Przegl\u0105dy urz\u0105dze\u0144 Wykonywanie przegl\u0105du urz\u0105dze\u0144 to podstawa aby utrzyma\u0107 obiekt b\u0105d\u017a pojazd w ci\u0105g\u0142ej gotowo\u015bci do pracy. Czytaj dalej Modyfikacje system\u00f3w Obiekty czy pojazdy po latach eksploatacji cz\u0119sto wymagaj\u0105 modyfikacji lub modernizacji rozmaitych podsystem\u00f3w. Opracujemy zakres modyfikacji i przedstawimy kompleksow\u0105 ofert\u0119. Czytaj dalej Opieka techniczna Korzystaj\u0105c z naszej opieki technicznej [&hellip;]<\/p>","protected":false},"author":1,"featured_media":0,"parent":0,"menu_order":0,"comment_status":"closed","ping_status":"closed","template":"","meta":{"footnotes":""},"class_list":["post-10","page","type-page","status-publish","hentry"],"_links":{"self":[{"href":"https:\/\/3m4e.com\/en\/wp-json\/wp\/v2\/pages\/10","targetHints":{"allow":["GET"]}}],"collection":[{"href":"https:\/\/3m4e.com\/en\/wp-json\/wp\/v2\/pages"}],"about":[{"href":"https:\/\/3m4e.com\/en\/wp-json\/wp\/v2\/types\/page"}],"author":[{"embeddable":true,"href":"https:\/\/3m4e.com\/en\/wp-json\/wp\/v2\/users\/1"}],"replies":[{"embeddable":true,"href":"https:\/\/3m4e.com\/en\/wp-json\/wp\/v2\/comments?post=10"}],"version-history":[{"count":0,"href":"https:\/\/3m4e.com\/en\/wp-json\/wp\/v2\/pages\/10\/revisions"}],"wp:attachment":[{"href":"https:\/\/3m4e.com\/en\/wp-json\/wp\/v2\/media?parent=10"}],"curies":[{"name":"wp","href":"https:\/\/api.w.org\/{rel}","templated":true}]}}