{"id":141,"date":"2024-01-15T18:33:30","date_gmt":"2024-01-15T17:33:30","guid":{"rendered":"https:\/\/3m4e.com\/?page_id=141"},"modified":"2024-03-18T23:53:15","modified_gmt":"2024-03-18T22:53:15","slug":"uslugi","status":"publish","type":"page","link":"https:\/\/3m4e.com\/en\/uslugi\/","title":{"rendered":"service"},"content":{"rendered":"<div data-elementor-type=\"wp-page\" data-elementor-id=\"141\" class=\"elementor elementor-141\" data-elementor-post-type=\"page\">\n\t\t\t\t<div class=\"elementor-element elementor-element-17d45936 e-flex e-con-boxed e-con e-parent\" data-id=\"17d45936\" data-element_type=\"container\" data-settings=\"{&quot;background_background&quot;:&quot;classic&quot;}\">\n\t\t\t\t\t<div class=\"e-con-inner\">\n\t\t<div class=\"elementor-element elementor-element-536ee17d e-con-full e-flex e-con e-child\" data-id=\"536ee17d\" data-element_type=\"container\">\n\t\t\t\t<div class=\"elementor-element elementor-element-5eacec79 animated-slow elementor-invisible elementor-widget elementor-widget-heading\" data-id=\"5eacec79\" data-element_type=\"widget\" data-settings=\"{&quot;_animation&quot;:&quot;slideInUp&quot;}\" data-widget_type=\"heading.default\">\n\t\t\t\t<div class=\"elementor-widget-container\">\n\t\t\t\t\t<h2 class=\"elementor-heading-title elementor-size-default\">We offer a wide range of cooperation<\/h2>\t\t\t\t<\/div>\n\t\t\t\t<\/div>\n\t\t\t\t<div class=\"elementor-element elementor-element-662a0e68 animated-slow elementor-invisible elementor-widget elementor-widget-heading\" data-id=\"662a0e68\" data-element_type=\"widget\" data-settings=\"{&quot;_animation&quot;:&quot;slideInUp&quot;}\" data-widget_type=\"heading.default\">\n\t\t\t\t<div class=\"elementor-widget-container\">\n\t\t\t\t\t<h2 class=\"elementor-heading-title elementor-size-default\">service<\/h2>\t\t\t\t<\/div>\n\t\t\t\t<\/div>\n\t\t\t\t<\/div>\n\t\t<div class=\"elementor-element elementor-element-8046d5b e-flex e-con-boxed e-con e-child\" data-id=\"8046d5b\" data-element_type=\"container\">\n\t\t\t\t\t<div class=\"e-con-inner\">\n\t\t<div class=\"elementor-element elementor-element-30b1d2ff animated-slow e-con-full e-flex elementor-invisible e-con e-child\" data-id=\"30b1d2ff\" data-element_type=\"container\" data-settings=\"{&quot;animation&quot;:&quot;fadeInUp&quot;,&quot;animation_delay&quot;:150}\">\n\t\t<div class=\"elementor-element elementor-element-3bf00c2 e-con-full e-flex e-con e-child\" data-id=\"3bf00c2\" data-element_type=\"container\">\n\t\t\t\t<div class=\"elementor-element elementor-element-4c1c4a54 elementor-widget elementor-widget-image\" data-id=\"4c1c4a54\" data-element_type=\"widget\" data-widget_type=\"image.default\">\n\t\t\t\t<div class=\"elementor-widget-container\">\n\t\t\t\t\t\t\t\t\t\t\t\t\t\t\t<img fetchpriority=\"high\" decoding=\"async\" width=\"800\" height=\"600\" src=\"https:\/\/3m4e.com\/wp-content\/uploads\/2024\/03\/IMG_2410-1024x768.jpg\" class=\"attachment-large size-large wp-image-457\" alt=\"\" srcset=\"https:\/\/3m4e.com\/wp-content\/uploads\/2024\/03\/IMG_2410-1024x768.jpg 1024w, https:\/\/3m4e.com\/wp-content\/uploads\/2024\/03\/IMG_2410-300x225.jpg 300w, https:\/\/3m4e.com\/wp-content\/uploads\/2024\/03\/IMG_2410-768x576.jpg 768w, https:\/\/3m4e.com\/wp-content\/uploads\/2024\/03\/IMG_2410-1536x1152.jpg 1536w, https:\/\/3m4e.com\/wp-content\/uploads\/2024\/03\/IMG_2410-2048x1536.jpg 2048w, https:\/\/3m4e.com\/wp-content\/uploads\/2024\/03\/IMG_2410-16x12.jpg 16w\" sizes=\"(max-width: 800px) 100vw, 800px\" \/>\t\t\t\t\t\t\t\t\t\t\t\t\t\t\t<\/div>\n\t\t\t\t<\/div>\n\t\t\t\t<div class=\"elementor-element elementor-element-6a2e9b4d elementor-widget__width-initial animated-slow elementor-invisible elementor-widget elementor-widget-spacer\" data-id=\"6a2e9b4d\" data-element_type=\"widget\" data-settings=\"{&quot;_animation&quot;:&quot;rotateInDownLeft&quot;}\" data-widget_type=\"spacer.default\">\n\t\t\t\t<div class=\"elementor-widget-container\">\n\t\t\t\t\t\t\t<div class=\"elementor-spacer\">\n\t\t\t<div class=\"elementor-spacer-inner\"><\/div>\n\t\t<\/div>\n\t\t\t\t\t\t<\/div>\n\t\t\t\t<\/div>\n\t\t\t\t<div class=\"elementor-element elementor-element-2672c76a elementor-cta--layout-image-left elementor-cta--skin-classic elementor-animated-content elementor-bg-transform elementor-bg-transform-zoom-in elementor-widget elementor-widget-call-to-action\" data-id=\"2672c76a\" data-element_type=\"widget\" data-widget_type=\"call-to-action.default\">\n\t\t\t\t<div class=\"elementor-widget-container\">\n\t\t\t\t\t\t\t<div class=\"elementor-cta\">\n\t\t\t\t\t\t\t<div class=\"elementor-cta__content\">\n\t\t\t\t\n\t\t\t\t\t\t\t\t\t<h2 class=\"elementor-cta__title elementor-cta__content-item elementor-content-item\">\n\t\t\t\t\t\tTechnical consultancy\t\t\t\t\t<\/h2>\n\t\t\t\t\n\t\t\t\t\t\t\t\t\t<div class=\"elementor-cta__description elementor-cta__content-item elementor-content-item\">\n\t\t\t\t\t\tPreparing technical analyses, analyzing technical documentation, analyzing requirements and assessing compliance with standards. This is only part of the broadly understood consulting we offer.\t\t\t\t\t<\/div>\n\t\t\t\t\n\t\t\t\t\t\t\t\t\t<div class=\"elementor-cta__button-wrapper elementor-cta__content-item elementor-content-item\">\n\t\t\t\t\t<a class=\"elementor-cta__button elementor-button elementor-size-\" href=\"https:\/\/3m4e.com\/en\/doradztwo-techniczne\/\">\n\t\t\t\t\t\tread more\t\t\t\t\t<\/a>\n\t\t\t\t\t<\/div>\n\t\t\t\t\t\t\t<\/div>\n\t\t\t\t\t\t<\/div>\n\t\t\t\t\t\t<\/div>\n\t\t\t\t<\/div>\n\t\t\t\t<\/div>\n\t\t\t\t<\/div>\n\t\t<div class=\"elementor-element elementor-element-0f3117a animated-slow e-con-full e-flex elementor-invisible e-con e-child\" data-id=\"0f3117a\" data-element_type=\"container\" data-settings=\"{&quot;animation&quot;:&quot;fadeInUp&quot;,&quot;animation_delay&quot;:150}\">\n\t\t<div class=\"elementor-element elementor-element-9a60d0a e-con-full e-flex e-con e-child\" data-id=\"9a60d0a\" data-element_type=\"container\">\n\t\t\t\t<div class=\"elementor-element elementor-element-112e6b0 elementor-widget-tablet__width-initial elementor-widget elementor-widget-image\" data-id=\"112e6b0\" data-element_type=\"widget\" data-widget_type=\"image.default\">\n\t\t\t\t<div class=\"elementor-widget-container\">\n\t\t\t\t\t\t\t\t\t\t\t\t\t\t\t<img decoding=\"async\" width=\"768\" height=\"1024\" src=\"https:\/\/3m4e.com\/wp-content\/uploads\/2024\/03\/IMG_0235-768x1024.jpg\" class=\"attachment-large size-large wp-image-456\" alt=\"\" srcset=\"https:\/\/3m4e.com\/wp-content\/uploads\/2024\/03\/IMG_0235-768x1024.jpg 768w, https:\/\/3m4e.com\/wp-content\/uploads\/2024\/03\/IMG_0235-225x300.jpg 225w, https:\/\/3m4e.com\/wp-content\/uploads\/2024\/03\/IMG_0235-1152x1536.jpg 1152w, https:\/\/3m4e.com\/wp-content\/uploads\/2024\/03\/IMG_0235-1536x2048.jpg 1536w, https:\/\/3m4e.com\/wp-content\/uploads\/2024\/03\/IMG_0235-9x12.jpg 9w, https:\/\/3m4e.com\/wp-content\/uploads\/2024\/03\/IMG_0235-scaled.jpg 1920w\" sizes=\"(max-width: 768px) 100vw, 768px\" \/>\t\t\t\t\t\t\t\t\t\t\t\t\t\t\t<\/div>\n\t\t\t\t<\/div>\n\t\t\t\t<div class=\"elementor-element elementor-element-787c49e elementor-widget__width-initial animated-slow elementor-invisible elementor-widget elementor-widget-spacer\" data-id=\"787c49e\" data-element_type=\"widget\" data-settings=\"{&quot;_animation&quot;:&quot;rotateInDownLeft&quot;}\" data-widget_type=\"spacer.default\">\n\t\t\t\t<div class=\"elementor-widget-container\">\n\t\t\t\t\t\t\t<div class=\"elementor-spacer\">\n\t\t\t<div class=\"elementor-spacer-inner\"><\/div>\n\t\t<\/div>\n\t\t\t\t\t\t<\/div>\n\t\t\t\t<\/div>\n\t\t\t\t<div class=\"elementor-element elementor-element-5bfa986 elementor-cta--layout-image-left elementor-cta--skin-classic elementor-animated-content elementor-bg-transform elementor-bg-transform-zoom-in elementor-widget elementor-widget-call-to-action\" data-id=\"5bfa986\" data-element_type=\"widget\" data-widget_type=\"call-to-action.default\">\n\t\t\t\t<div class=\"elementor-widget-container\">\n\t\t\t\t\t\t\t<div class=\"elementor-cta\">\n\t\t\t\t\t\t\t<div class=\"elementor-cta__content\">\n\t\t\t\t\n\t\t\t\t\t\t\t\t\t<h2 class=\"elementor-cta__title elementor-cta__content-item elementor-content-item\">\n\t\t\t\t\t\tThermal calculations\t\t\t\t\t<\/h2>\n\t\t\t\t\n\t\t\t\t\t\t\t\t\t<div class=\"elementor-cta__description elementor-cta__content-item elementor-content-item\">\n\t\t\t\t\t\tPreparing the thermal balance based on the provided data of the facility is the basis for further selection of devices. Precision is key at this stage of the project.\t\t\t\t\t<\/div>\n\t\t\t\t\n\t\t\t\t\t\t\t\t\t<div class=\"elementor-cta__button-wrapper elementor-cta__content-item elementor-content-item\">\n\t\t\t\t\t<a class=\"elementor-cta__button elementor-button elementor-size-\" href=\"https:\/\/3m4e.com\/en\/obliczenia-termiczne\/\">\n\t\t\t\t\t\tread more\t\t\t\t\t<\/a>\n\t\t\t\t\t<\/div>\n\t\t\t\t\t\t\t<\/div>\n\t\t\t\t\t\t<\/div>\n\t\t\t\t\t\t<\/div>\n\t\t\t\t<\/div>\n\t\t\t\t<\/div>\n\t\t\t\t<\/div>\n\t\t<div class=\"elementor-element elementor-element-2d4a63a animated-slow e-con-full e-flex elementor-invisible e-con e-child\" data-id=\"2d4a63a\" data-element_type=\"container\" data-settings=\"{&quot;animation&quot;:&quot;fadeInUp&quot;,&quot;animation_delay&quot;:150}\">\n\t\t<div class=\"elementor-element elementor-element-307f64a e-con-full e-flex e-con e-child\" data-id=\"307f64a\" data-element_type=\"container\">\n\t\t\t\t<div class=\"elementor-element elementor-element-ceca15a elementor-widget elementor-widget-image\" data-id=\"ceca15a\" data-element_type=\"widget\" data-widget_type=\"image.default\">\n\t\t\t\t<div class=\"elementor-widget-container\">\n\t\t\t\t\t\t\t\t\t\t\t\t\t\t\t<img decoding=\"async\" width=\"800\" height=\"600\" src=\"https:\/\/3m4e.com\/wp-content\/uploads\/2024\/01\/IMG_4197-2.png\" class=\"attachment-large size-large wp-image-73\" alt=\"\" srcset=\"https:\/\/3m4e.com\/wp-content\/uploads\/2024\/01\/IMG_4197-2.png 800w, https:\/\/3m4e.com\/wp-content\/uploads\/2024\/01\/IMG_4197-2-300x225.png 300w, https:\/\/3m4e.com\/wp-content\/uploads\/2024\/01\/IMG_4197-2-768x576.png 768w\" sizes=\"(max-width: 800px) 100vw, 800px\" \/>\t\t\t\t\t\t\t\t\t\t\t\t\t\t\t<\/div>\n\t\t\t\t<\/div>\n\t\t\t\t<div class=\"elementor-element elementor-element-20578e4 elementor-widget__width-initial animated-slow elementor-invisible elementor-widget elementor-widget-spacer\" data-id=\"20578e4\" data-element_type=\"widget\" data-settings=\"{&quot;_animation&quot;:&quot;rotateInDownLeft&quot;}\" data-widget_type=\"spacer.default\">\n\t\t\t\t<div class=\"elementor-widget-container\">\n\t\t\t\t\t\t\t<div class=\"elementor-spacer\">\n\t\t\t<div class=\"elementor-spacer-inner\"><\/div>\n\t\t<\/div>\n\t\t\t\t\t\t<\/div>\n\t\t\t\t<\/div>\n\t\t\t\t<div class=\"elementor-element elementor-element-fd3508e elementor-cta--layout-image-left elementor-cta--skin-classic elementor-animated-content elementor-bg-transform elementor-bg-transform-zoom-in elementor-widget elementor-widget-call-to-action\" data-id=\"fd3508e\" data-element_type=\"widget\" data-widget_type=\"call-to-action.default\">\n\t\t\t\t<div class=\"elementor-widget-container\">\n\t\t\t\t\t\t\t<div class=\"elementor-cta\">\n\t\t\t\t\t\t\t<div class=\"elementor-cta__content\">\n\t\t\t\t\n\t\t\t\t\t\t\t\t\t<h2 class=\"elementor-cta__title elementor-cta__content-item elementor-content-item\">\n\t\t\t\t\t\tDesign of electrical harnesses\t\t\t\t\t<\/h2>\n\t\t\t\t\n\t\t\t\t\t\t\t\t\t<div class=\"elementor-cta__description elementor-cta__content-item elementor-content-item\">\n\t\t\t\t\t\tWe design, produce and test highly specialized electrical harnesses according to the guidelines and needs of customers, for devices and vehicles of the broadly understood industry.\t\t\t\t\t<\/div>\n\t\t\t\t\n\t\t\t\t\t\t\t\t\t<div class=\"elementor-cta__button-wrapper elementor-cta__content-item elementor-content-item\">\n\t\t\t\t\t<a class=\"elementor-cta__button elementor-button elementor-size-\" href=\"https:\/\/3m4e.com\/en\/projektowanie-wiazek-elektrycznych\/\">\n\t\t\t\t\t\tread more\t\t\t\t\t<\/a>\n\t\t\t\t\t<\/div>\n\t\t\t\t\t\t\t<\/div>\n\t\t\t\t\t\t<\/div>\n\t\t\t\t\t\t<\/div>\n\t\t\t\t<\/div>\n\t\t\t\t<\/div>\n\t\t\t\t<\/div>\n\t\t<div class=\"elementor-element elementor-element-953d96c animated-slow e-con-full e-flex elementor-invisible e-con e-child\" data-id=\"953d96c\" data-element_type=\"container\" data-settings=\"{&quot;animation&quot;:&quot;fadeInUp&quot;,&quot;animation_delay&quot;:150}\">\n\t\t<div class=\"elementor-element elementor-element-b865057 e-con-full e-flex e-con e-child\" data-id=\"b865057\" data-element_type=\"container\">\n\t\t\t\t<div class=\"elementor-element elementor-element-a873610 elementor-widget elementor-widget-image\" data-id=\"a873610\" data-element_type=\"widget\" data-widget_type=\"image.default\">\n\t\t\t\t<div class=\"elementor-widget-container\">\n\t\t\t\t\t\t\t\t\t\t\t\t\t\t\t<img loading=\"lazy\" decoding=\"async\" width=\"800\" height=\"600\" src=\"https:\/\/3m4e.com\/wp-content\/uploads\/2024\/03\/IMG_4197-1024x768.jpg\" class=\"attachment-large size-large wp-image-478\" alt=\"\" srcset=\"https:\/\/3m4e.com\/wp-content\/uploads\/2024\/03\/IMG_4197-1024x768.jpg 1024w, https:\/\/3m4e.com\/wp-content\/uploads\/2024\/03\/IMG_4197-300x225.jpg 300w, https:\/\/3m4e.com\/wp-content\/uploads\/2024\/03\/IMG_4197-768x576.jpg 768w, https:\/\/3m4e.com\/wp-content\/uploads\/2024\/03\/IMG_4197-1536x1152.jpg 1536w, https:\/\/3m4e.com\/wp-content\/uploads\/2024\/03\/IMG_4197-2048x1536.jpg 2048w, https:\/\/3m4e.com\/wp-content\/uploads\/2024\/03\/IMG_4197-16x12.jpg 16w\" sizes=\"(max-width: 800px) 100vw, 800px\" \/>\t\t\t\t\t\t\t\t\t\t\t\t\t\t\t<\/div>\n\t\t\t\t<\/div>\n\t\t\t\t<div class=\"elementor-element elementor-element-3f7b945 elementor-widget__width-initial animated-slow elementor-invisible elementor-widget elementor-widget-spacer\" data-id=\"3f7b945\" data-element_type=\"widget\" data-settings=\"{&quot;_animation&quot;:&quot;rotateInDownLeft&quot;}\" data-widget_type=\"spacer.default\">\n\t\t\t\t<div class=\"elementor-widget-container\">\n\t\t\t\t\t\t\t<div class=\"elementor-spacer\">\n\t\t\t<div class=\"elementor-spacer-inner\"><\/div>\n\t\t<\/div>\n\t\t\t\t\t\t<\/div>\n\t\t\t\t<\/div>\n\t\t\t\t<div class=\"elementor-element elementor-element-453ba7a elementor-cta--layout-image-left elementor-cta--skin-classic elementor-animated-content elementor-bg-transform elementor-bg-transform-zoom-in elementor-widget elementor-widget-call-to-action\" data-id=\"453ba7a\" data-element_type=\"widget\" data-widget_type=\"call-to-action.default\">\n\t\t\t\t<div class=\"elementor-widget-container\">\n\t\t\t\t\t\t\t<div class=\"elementor-cta\">\n\t\t\t\t\t\t\t<div class=\"elementor-cta__content\">\n\t\t\t\t\n\t\t\t\t\t\t\t\t\t<h2 class=\"elementor-cta__title elementor-cta__content-item elementor-content-item\">\n\t\t\t\t\t\tDesign of electrical cabinets\t\t\t\t\t<\/h2>\n\t\t\t\t\n\t\t\t\t\t\t\t\t\t<div class=\"elementor-cta__description elementor-cta__content-item elementor-content-item\">\n\t\t\t\t\t\tWe design, produce and test cabinets and control boxes according to customer specifications and needs, for devices and vehicles in the broadly understood industry.\t\t\t\t\t<\/div>\n\t\t\t\t\n\t\t\t\t\t\t\t\t\t<div class=\"elementor-cta__button-wrapper elementor-cta__content-item elementor-content-item\">\n\t\t\t\t\t<a class=\"elementor-cta__button elementor-button elementor-size-\" href=\"https:\/\/3m4e.com\/en\/projektowanie-szaf-elektrycznych\/\">\n\t\t\t\t\t\tread more\t\t\t\t\t<\/a>\n\t\t\t\t\t<\/div>\n\t\t\t\t\t\t\t<\/div>\n\t\t\t\t\t\t<\/div>\n\t\t\t\t\t\t<\/div>\n\t\t\t\t<\/div>\n\t\t\t\t<\/div>\n\t\t\t\t<\/div>\n\t\t<div class=\"elementor-element elementor-element-b5ea28b animated-slow e-con-full e-flex elementor-invisible e-con e-child\" data-id=\"b5ea28b\" data-element_type=\"container\" data-settings=\"{&quot;animation&quot;:&quot;fadeInUp&quot;,&quot;animation_delay&quot;:150}\">\n\t\t<div class=\"elementor-element elementor-element-c9b4f63 e-con-full e-flex e-con e-child\" data-id=\"c9b4f63\" data-element_type=\"container\">\n\t\t\t\t<div class=\"elementor-element elementor-element-88acdbe elementor-widget-tablet__width-initial elementor-widget elementor-widget-image\" data-id=\"88acdbe\" data-element_type=\"widget\" data-widget_type=\"image.default\">\n\t\t\t\t<div class=\"elementor-widget-container\">\n\t\t\t\t\t\t\t\t\t\t\t\t\t\t\t<img loading=\"lazy\" decoding=\"async\" width=\"800\" height=\"562\" src=\"https:\/\/3m4e.com\/wp-content\/uploads\/2024\/03\/kadr-butla-cps-1024x719.jpg\" class=\"attachment-large size-large wp-image-498\" alt=\"\" srcset=\"https:\/\/3m4e.com\/wp-content\/uploads\/2024\/03\/kadr-butla-cps-1024x719.jpg 1024w, https:\/\/3m4e.com\/wp-content\/uploads\/2024\/03\/kadr-butla-cps-300x211.jpg 300w, https:\/\/3m4e.com\/wp-content\/uploads\/2024\/03\/kadr-butla-cps-768x539.jpg 768w, https:\/\/3m4e.com\/wp-content\/uploads\/2024\/03\/kadr-butla-cps-1536x1078.jpg 1536w, https:\/\/3m4e.com\/wp-content\/uploads\/2024\/03\/kadr-butla-cps-2048x1438.jpg 2048w, https:\/\/3m4e.com\/wp-content\/uploads\/2024\/03\/kadr-butla-cps-18x12.jpg 18w\" sizes=\"(max-width: 800px) 100vw, 800px\" \/>\t\t\t\t\t\t\t\t\t\t\t\t\t\t\t<\/div>\n\t\t\t\t<\/div>\n\t\t\t\t<div class=\"elementor-element elementor-element-743a5e6 elementor-widget__width-initial animated-slow elementor-widget-tablet__width-initial elementor-invisible elementor-widget elementor-widget-spacer\" data-id=\"743a5e6\" data-element_type=\"widget\" data-settings=\"{&quot;_animation&quot;:&quot;rotateInDownLeft&quot;}\" data-widget_type=\"spacer.default\">\n\t\t\t\t<div class=\"elementor-widget-container\">\n\t\t\t\t\t\t\t<div class=\"elementor-spacer\">\n\t\t\t<div class=\"elementor-spacer-inner\"><\/div>\n\t\t<\/div>\n\t\t\t\t\t\t<\/div>\n\t\t\t\t<\/div>\n\t\t\t\t<div class=\"elementor-element elementor-element-78b96d0 elementor-cta--layout-image-left elementor-cta--skin-classic elementor-animated-content elementor-bg-transform elementor-bg-transform-zoom-in elementor-widget elementor-widget-call-to-action\" data-id=\"78b96d0\" data-element_type=\"widget\" data-widget_type=\"call-to-action.default\">\n\t\t\t\t<div class=\"elementor-widget-container\">\n\t\t\t\t\t\t\t<div class=\"elementor-cta\">\n\t\t\t\t\t\t\t<div class=\"elementor-cta__content\">\n\t\t\t\t\n\t\t\t\t\t\t\t\t\t<h2 class=\"elementor-cta__title elementor-cta__content-item elementor-content-item\">\n\t\t\t\t\t\tValidation\t\t\t\t\t<\/h2>\n\t\t\t\t\n\t\t\t\t\t\t\t\t\t<div class=\"elementor-cta__description elementor-cta__content-item elementor-content-item\">\n\t\t\t\t\t\tConformity assessment and product testing based on requirements. Development of a test plan and reports after their implementation.\t\t\t\t\t<\/div>\n\t\t\t\t\n\t\t\t\t\t\t\t\t\t<div class=\"elementor-cta__button-wrapper elementor-cta__content-item elementor-content-item\">\n\t\t\t\t\t<a class=\"elementor-cta__button elementor-button elementor-size-\" href=\"https:\/\/3m4e.com\/en\/walidacja\/\">\n\t\t\t\t\t\tread more\t\t\t\t\t<\/a>\n\t\t\t\t\t<\/div>\n\t\t\t\t\t\t\t<\/div>\n\t\t\t\t\t\t<\/div>\n\t\t\t\t\t\t<\/div>\n\t\t\t\t<\/div>\n\t\t\t\t<\/div>\n\t\t\t\t<\/div>\n\t\t\t\t\t<\/div>\n\t\t\t\t<\/div>\n\t\t\t\t\t<\/div>\n\t\t\t\t<\/div>\n\t\t\t\t<\/div>","protected":false},"excerpt":{"rendered":"<p>Oferujemy szeroki zakres wsp\u00f3\u0142pracy Us\u0142ugi Doradztwo techniczne Przygotowywanie analiz technicznych, analiza dokumentacji technicznej, analiza wymaga\u0144 oraz ocena na zgodno\u015b\u0107 z normami. To tylko cz\u0119\u015b\u0107 szeroko poj\u0119tego doradztwa kt\u00f3re oferujemy. Czytaj dalej Obliczenia termiczne Opracowanie bilansu termicznego w oparciu o dostarczone dane obiektu to podstawa w dalszej drodze do w\u0142a\u015bciwego doboru urz\u0105dze\u0144. Precyzja jest kluczowa na [&hellip;]<\/p>","protected":false},"author":1,"featured_media":0,"parent":0,"menu_order":0,"comment_status":"closed","ping_status":"closed","template":"","meta":{"footnotes":""},"class_list":["post-141","page","type-page","status-publish","hentry"],"_links":{"self":[{"href":"https:\/\/3m4e.com\/en\/wp-json\/wp\/v2\/pages\/141","targetHints":{"allow":["GET"]}}],"collection":[{"href":"https:\/\/3m4e.com\/en\/wp-json\/wp\/v2\/pages"}],"about":[{"href":"https:\/\/3m4e.com\/en\/wp-json\/wp\/v2\/types\/page"}],"author":[{"embeddable":true,"href":"https:\/\/3m4e.com\/en\/wp-json\/wp\/v2\/users\/1"}],"replies":[{"embeddable":true,"href":"https:\/\/3m4e.com\/en\/wp-json\/wp\/v2\/comments?post=141"}],"version-history":[{"count":0,"href":"https:\/\/3m4e.com\/en\/wp-json\/wp\/v2\/pages\/141\/revisions"}],"wp:attachment":[{"href":"https:\/\/3m4e.com\/en\/wp-json\/wp\/v2\/media?parent=141"}],"curies":[{"name":"wp","href":"https:\/\/api.w.org\/{rel}","templated":true}]}}