{"id":51,"date":"2024-01-15T16:33:00","date_gmt":"2024-01-15T15:33:00","guid":{"rendered":"https:\/\/3m4e.com\/?page_id=51"},"modified":"2024-01-29T21:15:34","modified_gmt":"2024-01-29T20:15:34","slug":"o-nas","status":"publish","type":"page","link":"https:\/\/3m4e.com\/en\/o-nas\/","title":{"rendered":"About us"},"content":{"rendered":"<div data-elementor-type=\"wp-page\" data-elementor-id=\"51\" class=\"elementor elementor-51\" data-elementor-post-type=\"page\">\n\t\t\t\t<div class=\"elementor-element elementor-element-d8b70b0 e-flex e-con-boxed e-con e-parent\" data-id=\"d8b70b0\" data-element_type=\"container\">\n\t\t\t\t\t<div class=\"e-con-inner\">\n\t\t<div class=\"elementor-element elementor-element-feaa147 e-con-full e-flex e-con e-child\" data-id=\"feaa147\" data-element_type=\"container\">\n\t\t\t\t<div class=\"elementor-element elementor-element-14ec56a elementor-widget elementor-widget-image\" data-id=\"14ec56a\" data-element_type=\"widget\" data-widget_type=\"image.default\">\n\t\t\t\t<div class=\"elementor-widget-container\">\n\t\t\t\t\t\t\t\t\t\t\t\t\t\t\t<img fetchpriority=\"high\" decoding=\"async\" width=\"800\" height=\"600\" src=\"https:\/\/3m4e.com\/wp-content\/uploads\/2024\/01\/IMG_4197-2.png\" class=\"attachment-large size-large wp-image-73\" alt=\"\" srcset=\"https:\/\/3m4e.com\/wp-content\/uploads\/2024\/01\/IMG_4197-2.png 800w, https:\/\/3m4e.com\/wp-content\/uploads\/2024\/01\/IMG_4197-2-300x225.png 300w, https:\/\/3m4e.com\/wp-content\/uploads\/2024\/01\/IMG_4197-2-768x576.png 768w\" sizes=\"(max-width: 800px) 100vw, 800px\" \/>\t\t\t\t\t\t\t\t\t\t\t\t\t\t\t<\/div>\n\t\t\t\t<\/div>\n\t\t\t\t<\/div>\n\t\t<div class=\"elementor-element elementor-element-7ea47ab e-con-full e-flex e-con e-child\" data-id=\"7ea47ab\" data-element_type=\"container\">\n\t\t\t\t<div class=\"elementor-element elementor-element-4e7b634 elementor-invisible elementor-widget elementor-widget-heading\" data-id=\"4e7b634\" data-element_type=\"widget\" data-settings=\"{&quot;_animation&quot;:&quot;fadeInUp&quot;}\" data-widget_type=\"heading.default\">\n\t\t\t\t<div class=\"elementor-widget-container\">\n\t\t\t\t\t<h2 class=\"elementor-heading-title elementor-size-default\">About us<\/h2>\t\t\t\t<\/div>\n\t\t\t\t<\/div>\n\t\t\t\t<div class=\"elementor-element elementor-element-fb21935 elementor-widget elementor-widget-text-editor\" data-id=\"fb21935\" data-element_type=\"widget\" data-widget_type=\"text-editor.default\">\n\t\t\t\t<div class=\"elementor-widget-container\">\n\t\t\t\t\t\t\t\t\t<p>The 3M4E company is a company founded by three engineers who graduated from the Warsaw University of Technology, the Pozna\u0144 University of Technology and the AGH University of Science and Technology.<\/p><p>The company's goal is to advise, develop and implement projects based on customer requirements.<\/p><p>The experience gained over many years allows us to establish cooperation with companies from many sectors.<\/p>\t\t\t\t\t\t\t\t<\/div>\n\t\t\t\t<\/div>\n\t\t\t\t<\/div>\n\t\t\t\t\t<\/div>\n\t\t\t\t<\/div>\n\t\t\t\t<\/div>","protected":false},"excerpt":{"rendered":"<p>o NAS Firma 3M4E to sp\u00f3\u0142ka za\u0142o\u017cona przez trzech in\u017cynier\u00f3w, kt\u00f3rzy uko\u0144czyli Politechnik\u0119 Warszawsk\u0105, Pozna\u0144sk\u0105 oraz Akademi\u0119 G\u00f3rniczo-Hutnicz\u0105. Celem firmy jest doradztwo, opracowywanie i wdro\u017cenia projekt\u00f3w w oparciu o wymagania klienta. Zdobyte na przestrzeni wielu lat do\u015bwiadczenie pozwala na nawi\u0105zywanie wsp\u00f3\u0142pracy z firmami z wielu sektor\u00f3w.<\/p>","protected":false},"author":1,"featured_media":0,"parent":0,"menu_order":0,"comment_status":"closed","ping_status":"closed","template":"","meta":{"footnotes":""},"class_list":["post-51","page","type-page","status-publish","hentry"],"_links":{"self":[{"href":"https:\/\/3m4e.com\/en\/wp-json\/wp\/v2\/pages\/51","targetHints":{"allow":["GET"]}}],"collection":[{"href":"https:\/\/3m4e.com\/en\/wp-json\/wp\/v2\/pages"}],"about":[{"href":"https:\/\/3m4e.com\/en\/wp-json\/wp\/v2\/types\/page"}],"author":[{"embeddable":true,"href":"https:\/\/3m4e.com\/en\/wp-json\/wp\/v2\/users\/1"}],"replies":[{"embeddable":true,"href":"https:\/\/3m4e.com\/en\/wp-json\/wp\/v2\/comments?post=51"}],"version-history":[{"count":0,"href":"https:\/\/3m4e.com\/en\/wp-json\/wp\/v2\/pages\/51\/revisions"}],"wp:attachment":[{"href":"https:\/\/3m4e.com\/en\/wp-json\/wp\/v2\/media?parent=51"}],"curies":[{"name":"wp","href":"https:\/\/api.w.org\/{rel}","templated":true}]}}