{"id":8,"date":"2024-01-12T14:42:21","date_gmt":"2024-01-12T13:42:21","guid":{"rendered":"https:\/\/3m4e.com\/?page_id=8"},"modified":"2024-05-19T21:54:48","modified_gmt":"2024-05-19T19:54:48","slug":"strona-glowna","status":"publish","type":"page","link":"https:\/\/3m4e.com\/en\/","title":{"rendered":"Home"},"content":{"rendered":"<div data-elementor-type=\"wp-page\" data-elementor-id=\"8\" class=\"elementor elementor-8\" data-elementor-post-type=\"page\">\n\t\t\t\t<div class=\"elementor-element elementor-element-54735727 e-flex e-con-boxed e-con e-parent\" data-id=\"54735727\" data-element_type=\"container\" data-settings=\"{&quot;background_background&quot;:&quot;classic&quot;}\">\n\t\t\t\t\t<div class=\"e-con-inner\">\n\t\t<div class=\"elementor-element elementor-element-7e8b13fe e-con-full e-flex e-con e-child\" data-id=\"7e8b13fe\" data-element_type=\"container\" data-settings=\"{&quot;background_background&quot;:&quot;classic&quot;}\">\n\t\t\t\t<div class=\"elementor-element elementor-element-7781fbeb elementor-widget elementor-widget-heading\" data-id=\"7781fbeb\" data-element_type=\"widget\" data-widget_type=\"heading.default\">\n\t\t\t\t<div class=\"elementor-widget-container\">\n\t\t\t\t\t<h2 class=\"elementor-heading-title elementor-size-default\">KEEP IT SIMPLE<\/h2>\t\t\t\t<\/div>\n\t\t\t\t<\/div>\n\t\t\t\t<div class=\"elementor-element elementor-element-11b83769 elementor-widget elementor-widget-heading\" data-id=\"11b83769\" data-element_type=\"widget\" data-widget_type=\"heading.default\">\n\t\t\t\t<div class=\"elementor-widget-container\">\n\t\t\t\t\t<h2 class=\"elementor-heading-title elementor-size-default\">PROFESSIONALISM EXPERIENCE COMMITMENT\n<\/h2>\t\t\t\t<\/div>\n\t\t\t\t<\/div>\n\t\t\t\t<div class=\"elementor-element elementor-element-7487d3b7 elementor-widget elementor-widget-text-editor\" data-id=\"7487d3b7\" data-element_type=\"widget\" data-widget_type=\"text-editor.default\">\n\t\t\t\t<div class=\"elementor-widget-container\">\n\t\t\t\t\t\t\t\t\t<p><span style=\"font-weight: 400;\">The above features perfectly fit the main idea of our company, which is characterized by an unconventional approach to the challenges presented by the current world. Several years of experience in broadly understood design and industry have led us to a place that is perfectly described by Albert Einstein's famous quote: \"Everybody knows that some things are simply impossible until somebody, who doesn\u2019t know that, makes them possible\".<\/span><\/p>\n<p><span style=\"font-weight: 400;\">We invite you to cooperate<\/span><\/p>\t\t\t\t\t\t\t\t<\/div>\n\t\t\t\t<\/div>\n\t\t\t\t<\/div>\n\t\t<div class=\"elementor-element elementor-element-3ee0423f e-con-full e-flex e-con e-child\" data-id=\"3ee0423f\" data-element_type=\"container\" data-settings=\"{&quot;background_background&quot;:&quot;classic&quot;}\">\n\t\t\t\t<\/div>\n\t\t\t\t\t<\/div>\n\t\t\t\t<\/div>\n\t\t<div class=\"elementor-element elementor-element-6ed0e104 e-con-full e-flex e-con e-parent\" data-id=\"6ed0e104\" data-element_type=\"container\" data-settings=\"{&quot;background_background&quot;:&quot;classic&quot;}\">\n\t\t<div class=\"elementor-element elementor-element-3b5e21e4 e-con-full e-flex e-con e-child\" data-id=\"3b5e21e4\" data-element_type=\"container\">\n\t\t<div class=\"elementor-element elementor-element-1b1b6fd0 e-con-full e-flex e-con e-child\" data-id=\"1b1b6fd0\" data-element_type=\"container\">\n\t\t\t\t<div class=\"elementor-element elementor-element-db380f0 elementor-widget__width-initial elementor-widget elementor-widget-heading\" data-id=\"db380f0\" data-element_type=\"widget\" data-widget_type=\"heading.default\">\n\t\t\t\t<div class=\"elementor-widget-container\">\n\t\t\t\t\t<h2 class=\"elementor-heading-title elementor-size-default\">WELCOME TO CONTACT US.<\/h2>\t\t\t\t<\/div>\n\t\t\t\t<\/div>\n\t\t\t\t<div class=\"elementor-element elementor-element-3ebacaa5 elementor-widget elementor-widget-heading\" data-id=\"3ebacaa5\" data-element_type=\"widget\" data-widget_type=\"heading.default\">\n\t\t\t\t<div class=\"elementor-widget-container\">\n\t\t\t\t\t<h3 class=\"elementor-heading-title elementor-size-default\">Our team will comprehensively answer all your questions.<\/h3>\t\t\t\t<\/div>\n\t\t\t\t<\/div>\n\t\t\t\t<div class=\"elementor-element elementor-element-25fdb7e elementor-widget__width-auto elementor-align-center elementor-widget elementor-widget-button\" data-id=\"25fdb7e\" data-element_type=\"widget\" data-widget_type=\"button.default\">\n\t\t\t\t<div class=\"elementor-widget-container\">\n\t\t\t\t\t\t\t\t\t<div class=\"elementor-button-wrapper\">\n\t\t\t\t\t<a class=\"elementor-button elementor-button-link elementor-size-sm\" href=\"https:\/\/3m4e.com\/en\/kontakt\/\">\n\t\t\t\t\t\t<span class=\"elementor-button-content-wrapper\">\n\t\t\t\t\t\t\t\t\t<span class=\"elementor-button-text\">Contact<\/span>\n\t\t\t\t\t<\/span>\n\t\t\t\t\t<\/a>\n\t\t\t\t<\/div>\n\t\t\t\t\t\t\t\t<\/div>\n\t\t\t\t<\/div>\n\t\t\t\t<\/div>\n\t\t\t\t<\/div>\n\t\t\t\t<\/div>\n\t\t\t\t<\/div>","protected":false},"excerpt":{"rendered":"<p>KEEP IT SIMPLE PROFESJONALIZM DO\u015aWIADCZENIE ZAANGA\u017bOWANIE Powy\u017csze cechy doskonale si\u0119 wpisuj\u0105 w my\u015bl przewodni\u0105 naszej firmy, kt\u00f3ra charakteryzuje si\u0119 nieszablonowym podej\u015bciem do wyzwa\u0144, jakie stawia nam obecny \u015bwiat. Kilkunastoletnie do\u015bwiadczenie w szeroko rozumianym projektowaniu i przemy\u015ble doprowadzi\u0142o nas do miejsca, kt\u00f3re doskonale opisuje s\u0142ynny cytaty Alberta Einsteina \u201eWszyscy wiedz\u0105, \u017ce co\u015b si\u0119 nie da zrobi\u0107 [&hellip;]<\/p>","protected":false},"author":1,"featured_media":0,"parent":0,"menu_order":0,"comment_status":"closed","ping_status":"closed","template":"","meta":{"footnotes":""},"class_list":["post-8","page","type-page","status-publish","hentry"],"_links":{"self":[{"href":"https:\/\/3m4e.com\/en\/wp-json\/wp\/v2\/pages\/8","targetHints":{"allow":["GET"]}}],"collection":[{"href":"https:\/\/3m4e.com\/en\/wp-json\/wp\/v2\/pages"}],"about":[{"href":"https:\/\/3m4e.com\/en\/wp-json\/wp\/v2\/types\/page"}],"author":[{"embeddable":true,"href":"https:\/\/3m4e.com\/en\/wp-json\/wp\/v2\/users\/1"}],"replies":[{"embeddable":true,"href":"https:\/\/3m4e.com\/en\/wp-json\/wp\/v2\/comments?post=8"}],"version-history":[{"count":0,"href":"https:\/\/3m4e.com\/en\/wp-json\/wp\/v2\/pages\/8\/revisions"}],"wp:attachment":[{"href":"https:\/\/3m4e.com\/en\/wp-json\/wp\/v2\/media?parent=8"}],"curies":[{"name":"wp","href":"https:\/\/api.w.org\/{rel}","templated":true}]}}